{"id":18,"date":"2016-12-08T17:26:09","date_gmt":"2016-12-08T17:26:09","guid":{"rendered":"http:\/\/www.riihi.fi\/?page_id=18"},"modified":"2021-02-16T07:49:05","modified_gmt":"2021-02-16T07:49:05","slug":"historia","status":"publish","type":"page","link":"https:\/\/www.riihi.fi\/?page_id=18","title":{"rendered":"HISTORIA"},"content":{"rendered":"<div class=\"post-content\">\n<h1 data-lineheight=\"24\" data-fontsize=\"16\">Historia<\/h1>\n<h3><em>Taustaa<\/em><\/h3>\n<p>Riihi s\u00e4\u00e4ti\u00f6 on merkitty s\u00e4\u00e4ti\u00f6rekisteriin joulukuussa 1980. S\u00e4\u00e4dep\u00e4\u00e4oman 150 000 markkaa maksoi Suomen Sosialidemokraattista puoluetta l\u00e4hell\u00e4 ollut j\u00e4rjest\u00f6 Pohjolan Lomasuunta ry.\u00a0Perusp\u00e4\u00e4omasta 10\u2009000 markkaa oli rahaa, loppuosa koostui tontista Lumijoella.<\/p>\n<p>S\u00e4\u00e4nt\u00f6jens\u00e4 mukaan s\u00e4\u00e4ti\u00f6n tarkoituksena on ty\u00f6v\u00e4en ja muun kansanperinteen tallentaminen, biodynaamisen viljelyn edist\u00e4minen ja tunnetuksi tekeminen, luonnonsuojelun edist\u00e4minen, ammatillisten opintojen tukeminen ja sosiaalisen asuntotoiminnan edist\u00e4minen Suomessa.<\/p>\n<p>S\u00e4\u00e4ti\u00f6ll\u00e4 on omistuksessaan noin 580 vuokra-asuntoa reilussa kymmeness\u00e4 kiinteist\u00f6ss\u00e4 Oulun seudulla. Asuntotoiminnan lis\u00e4ksi s\u00e4\u00e4ti\u00f6 j\u00e4rjesti 1990\u20132000-luvuilla yleis\u00f6lle avoimia esitelm\u00e4- ja muita tilaisuuksia yhteiskunnallisista aiheista. S\u00e4\u00e4ti\u00f6 jakoi tuolloin my\u00f6s apurahoja l\u00e4hinn\u00e4 luonnon- ja ymp\u00e4rist\u00f6nsuojelua koskevaan tutkimusty\u00f6h\u00f6n.<\/p>\n<h3><em>S\u00e4\u00e4ti\u00f6n toiminta l\u00e4pivalaistu<\/em><\/h3>\n<p>Vuonna 1998 s\u00e4\u00e4ti\u00f6n toimintaa alettiin tutkia erin\u00e4isten ep\u00e4selvyyksien vuoksi. Valtion asuntorahasto\u00a0(ARA) teki\u00a0joulukuussa 2001 s\u00e4\u00e4ti\u00f6n toiminnasta tutkintapyynn\u00f6n Keskusrikospoliisille ja verottajalle. Patentti- ja rekisterihallitus (PRH) pyysi tammikuussa 2003 s\u00e4\u00e4ti\u00f6t\u00e4 selvitt\u00e4m\u00e4\u00e4n toimintaansa.<\/p>\n<p>Riihi s\u00e4\u00e4ti\u00f6 m\u00e4\u00e4r\u00e4ttiin lakkautettavaksi Helsingin k\u00e4r\u00e4j\u00e4oikeuden p\u00e4\u00e4t\u00f6ksell\u00e4 hein\u00e4kuussa 2010. Helsingin hovioikeus kumosi k\u00e4r\u00e4j\u00e4oikeuden p\u00e4\u00e4t\u00f6ksen lokakuussa 2012 ja erotti Riihi s\u00e4\u00e4ti\u00f6n hallituksen toimestaan tehtyjen rikkeiden vuoksi. Samassa yhteydess\u00e4 hovioikeus m\u00e4\u00e4r\u00e4si selvitysmiehen hoitamaan s\u00e4\u00e4ti\u00f6n asioita, kunnes uusi hallitus on s\u00e4\u00e4ti\u00f6n s\u00e4\u00e4nt\u00f6jen mukaisesti valittu.<\/p>\n<p>Selvitysmiehen toimeksiannosta s\u00e4\u00e4ti\u00f6ss\u00e4 ja sen omistamissa kiinteist\u00f6osakeyhti\u00f6iss\u00e4 tehtiin erityistilintarkastus koskien tilikausia 2007\u20132010. Erityistilintarkastuksen havaintojen perusteella selvitysmies p\u00e4\u00e4tti j\u00e4tt\u00e4\u00e4 tutkintapyynn\u00f6t poliisille. S\u00e4\u00e4ti\u00f6n hallituksen entisen puheenjohtajan todettiin aiheuttaneen vahinkoa Riihi s\u00e4\u00e4ti\u00f6n omistamille kiinteist\u00f6osakeyhti\u00f6ille. Rikkeet oli tehty p\u00e4\u00e4osin 1990-luvulla, viimeisimm\u00e4t 2000-luvun alussa. Kaikki Riihi s\u00e4\u00e4ti\u00f6n omistamat kiinteist\u00f6osakeyhti\u00f6t nostivat rikokseen perustuvat vahingonkorvauskanteet Helsingin k\u00e4r\u00e4j\u00e4oikeudessa elokuussa 2010. Korkein oikeus tuomitsi vuonna 2012 s\u00e4\u00e4ti\u00f6n hallituksen entisen puheenjohtajan vankeusrangaistukseen t\u00f6rkeist\u00e4 avustuspetoksista (KKO 2012:53).<\/p>\n<h3><em>Uusi hallitus aloitti ty\u00f6ns\u00e4<\/em><\/h3>\n<p>Helsingin k\u00e4r\u00e4j\u00e4oikeus antoi 18.2.2015 p\u00e4\u00e4t\u00f6ksen ja m\u00e4\u00e4r\u00e4si Riihi s\u00e4\u00e4ti\u00f6n hallituksen j\u00e4seniksi Kalervo Haverisen, Anu M\u00e4enp\u00e4\u00e4n, Janne Ollikaisen, Anu Rajaj\u00e4rven ja Ulla-Maija Rajakankaan.<\/p>\n<p>Hallitus kokoontui toimintavuoden aikana yhdeks\u00e4n kertaa ja keskittyi s\u00e4\u00e4ti\u00f6n omaisuuden haltuunottoon, s\u00e4\u00e4ti\u00f6n strategian sek\u00e4 s\u00e4\u00e4ti\u00f6n p\u00e4ivitt\u00e4isen johtamisen organisoinnin valmisteluun.<\/p>\n<p>Riihi s\u00e4\u00e4ti\u00f6n hallitus laati ja hyv\u00e4ksyi itselleen ty\u00f6j\u00e4rjestyksen. Ty\u00f6j\u00e4rjestyksen mukaan Riihi s\u00e4\u00e4ti\u00f6 noudattaa toiminnassaan hyv\u00e4\u00e4 s\u00e4\u00e4ti\u00f6tapaa ja s\u00e4\u00e4ti\u00f6it\u00e4 koskevia s\u00e4\u00e4nn\u00f6ksi\u00e4.<\/p>\n<\/div>\n","protected":false},"excerpt":{"rendered":"<p>Historia Taustaa Riihi s\u00e4\u00e4ti\u00f6 on merkitty s\u00e4\u00e4ti\u00f6rekisteriin joulukuussa 1980. S\u00e4\u00e4dep\u00e4\u00e4oman 150 000 markkaa maksoi Suomen Sosialidemokraattista puoluetta l\u00e4hell\u00e4 ollut j\u00e4rjest\u00f6 Pohjolan Lomasuunta ry.\u00a0Perusp\u00e4\u00e4omasta 10\u2009000 markkaa oli rahaa, loppuosa koostui tontista Lumijoella. S\u00e4\u00e4nt\u00f6jens\u00e4 mukaan s\u00e4\u00e4ti\u00f6n tarkoituksena on ty\u00f6v\u00e4en ja muun kansanperinteen tallentaminen, biodynaamisen viljelyn edist\u00e4minen ja tunnetuksi tekeminen, luonnonsuojelun edist\u00e4minen, ammatillisten opintojen tukeminen ja sosiaalisen asuntotoiminnan  [&#8230;]<\/p>\n","protected":false},"author":1,"featured_media":0,"parent":7,"menu_order":1,"comment_status":"closed","ping_status":"closed","template":"","meta":{"footnotes":""},"class_list":["post-18","page","type-page","status-publish","hentry"],"_links":{"self":[{"href":"https:\/\/www.riihi.fi\/index.php?rest_route=\/wp\/v2\/pages\/18","targetHints":{"allow":["GET"]}}],"collection":[{"href":"https:\/\/www.riihi.fi\/index.php?rest_route=\/wp\/v2\/pages"}],"about":[{"href":"https:\/\/www.riihi.fi\/index.php?rest_route=\/wp\/v2\/types\/page"}],"author":[{"embeddable":true,"href":"https:\/\/www.riihi.fi\/index.php?rest_route=\/wp\/v2\/users\/1"}],"replies":[{"embeddable":true,"href":"https:\/\/www.riihi.fi\/index.php?rest_route=%2Fwp%2Fv2%2Fcomments&post=18"}],"version-history":[{"count":5,"href":"https:\/\/www.riihi.fi\/index.php?rest_route=\/wp\/v2\/pages\/18\/revisions"}],"predecessor-version":[{"id":225,"href":"https:\/\/www.riihi.fi\/index.php?rest_route=\/wp\/v2\/pages\/18\/revisions\/225"}],"up":[{"embeddable":true,"href":"https:\/\/www.riihi.fi\/index.php?rest_route=\/wp\/v2\/pages\/7"}],"wp:attachment":[{"href":"https:\/\/www.riihi.fi\/index.php?rest_route=%2Fwp%2Fv2%2Fmedia&parent=18"}],"curies":[{"name":"wp","href":"https:\/\/api.w.org\/{rel}","templated":true}]}}