{"id":261,"date":"2022-02-07T11:39:35","date_gmt":"2022-02-07T11:39:35","guid":{"rendered":"http:\/\/www.riihi.fi\/?page_id=261"},"modified":"2024-08-30T07:40:06","modified_gmt":"2024-08-30T07:40:06","slug":"saation-kiinteistoyhtiot","status":"publish","type":"page","link":"https:\/\/www.riihi.fi\/?page_id=261","title":{"rendered":"S\u00c4\u00c4TI\u00d6N KIINTEIST\u00d6YHTI\u00d6T"},"content":{"rendered":"<h2>Riihi s\u00e4\u00e4ti\u00f6n kiinteist\u00f6yhti\u00f6t<\/h2>\n<p>Riihi s\u00e4\u00e4ti\u00f6 omistaa asuntoja yhteens\u00e4 13 kiinteist\u00f6yhti\u00f6ss\u00e4 eri puolilla Oulua. Alla olevista linkeist\u00e4 p\u00e4\u00e4set tutustumaan kiiinteist\u00f6yhti\u00f6iden asukassivujen sis\u00e4lt\u00f6ihin.<\/p>\n<ul>\n<li><a href=\"https:\/\/m.fimx.fi\/infoboard\/riihisaatio\/markuksenkuja10\/fi\">KOY Herukkakotka,<\/a> rivi- ja luhtitalokohde Herukassa<\/li>\n<li><a href=\"https:\/\/m.fimx.fi\/infoboard\/riihisaatio\/koulukatu32\/fi\">KOY Hulikakku<\/a>, vanhasta toimisto- ja tehdaskiinteist\u00f6st\u00e4 asunnoiksi saaneerattu kohde keskustassa<\/li>\n<li><a href=\"https:\/\/m.fimx.fi\/infoboard\/riihisaatio\/ketotie2-3\/fi\">KOY J\u00e4\u00e4linkotka<\/a>, rivi- ja luhtitalokohde J\u00e4\u00e4liss\u00e4<\/li>\n<li><a href=\"https:\/\/m.fimx.fi\/infoboard\/riihisaatio\/kalevalantie17\/fi\">KOY Kaijonkotka<\/a>, kerrostalokohde Kaijonharjussa<\/li>\n<li><a href=\"https:\/\/m.fimx.fi\/infoboard\/riihisaatio\/tornihaukantie4\/fi\">KOY Kotkakangas<\/a>, kerrostalokohde Kaukovainiossa<\/li>\n<li><a href=\"https:\/\/m.fimx.fi\/infoboard\/riihisaatio\/puulinnankatu4\/fi\">KOY Linnakotka<\/a>, puukerros- ja luhtitalokohde Linnainmaalla<\/li>\n<li><a href=\"https:\/\/m.fimx.fi\/infoboard\/riihisaatio\/peltolankaari7\/fi\">KOY Peltokotka<\/a>, luhtitalo- ja puolipalvelutalokohde Peltolassa<\/li>\n<li><a href=\"https:\/\/m.fimx.fi\/infoboard\/riihisaatio\/sammonkatu3\/fi\">KOY Puukotka<\/a>, puukerrostalokohde Kaijonharjussa<\/li>\n<li><a href=\"https:\/\/m.fimx.fi\/infoboard\/riihisaatio\/tervakukkatie12\/fi\">KOY Rajahaukka<\/a>, kerrostalokohde Rajakyl\u00e4ss\u00e4<\/li>\n<li><a href=\"https:\/\/m.fimx.fi\/infoboard\/riihisaatio\/tiedonkaari8\/fi\">KOY Syynikotka<\/a>, luhti- ja kerrostalokohde Syynimaalla<\/li>\n<li><a href=\"https:\/\/m.fimx.fi\/infoboard\/riihisaatio\/paalikatu18\/fi\">KOY Sellukotka<\/a>, kerros- ja luhtitalokohde Toppilassa<\/li>\n<\/ul>\n","protected":false},"excerpt":{"rendered":"<p>Riihi s\u00e4\u00e4ti\u00f6n kiinteist\u00f6yhti\u00f6t Riihi s\u00e4\u00e4ti\u00f6 omistaa asuntoja yhteens\u00e4 13 kiinteist\u00f6yhti\u00f6ss\u00e4 eri puolilla Oulua. Alla olevista linkeist\u00e4 p\u00e4\u00e4set tutustumaan kiiinteist\u00f6yhti\u00f6iden asukassivujen sis\u00e4lt\u00f6ihin. KOY Herukkakotka, rivi- ja luhtitalokohde Herukassa KOY Hulikakku, vanhasta toimisto- ja tehdaskiinteist\u00f6st\u00e4 asunnoiksi saaneerattu kohde keskustassa KOY J\u00e4\u00e4linkotka, rivi- ja luhtitalokohde J\u00e4\u00e4liss\u00e4 KOY Kaijonkotka, kerrostalokohde Kaijonharjussa KOY Kotkakangas, kerrostalokohde Kaukovainiossa KOY Linnakotka, puukerros- ja  [&#8230;]<\/p>\n","protected":false},"author":2,"featured_media":0,"parent":29,"menu_order":0,"comment_status":"closed","ping_status":"closed","template":"","meta":{"footnotes":""},"class_list":["post-261","page","type-page","status-publish","hentry"],"_links":{"self":[{"href":"https:\/\/www.riihi.fi\/index.php?rest_route=\/wp\/v2\/pages\/261","targetHints":{"allow":["GET"]}}],"collection":[{"href":"https:\/\/www.riihi.fi\/index.php?rest_route=\/wp\/v2\/pages"}],"about":[{"href":"https:\/\/www.riihi.fi\/index.php?rest_route=\/wp\/v2\/types\/page"}],"author":[{"embeddable":true,"href":"https:\/\/www.riihi.fi\/index.php?rest_route=\/wp\/v2\/users\/2"}],"replies":[{"embeddable":true,"href":"https:\/\/www.riihi.fi\/index.php?rest_route=%2Fwp%2Fv2%2Fcomments&post=261"}],"version-history":[{"count":6,"href":"https:\/\/www.riihi.fi\/index.php?rest_route=\/wp\/v2\/pages\/261\/revisions"}],"predecessor-version":[{"id":469,"href":"https:\/\/www.riihi.fi\/index.php?rest_route=\/wp\/v2\/pages\/261\/revisions\/469"}],"up":[{"embeddable":true,"href":"https:\/\/www.riihi.fi\/index.php?rest_route=\/wp\/v2\/pages\/29"}],"wp:attachment":[{"href":"https:\/\/www.riihi.fi\/index.php?rest_route=%2Fwp%2Fv2%2Fmedia&parent=261"}],"curies":[{"name":"wp","href":"https:\/\/api.w.org\/{rel}","templated":true}]}}