{"id":29,"date":"2016-12-08T17:45:40","date_gmt":"2016-12-08T17:45:40","guid":{"rendered":"http:\/\/www.riihi.fi\/?page_id=29"},"modified":"2025-10-29T11:32:24","modified_gmt":"2025-10-29T11:32:24","slug":"vuokrattavat-asunnot","status":"publish","type":"page","link":"https:\/\/www.riihi.fi\/?page_id=29","title":{"rendered":"VUOKRATTAVAT ASUNNOT"},"content":{"rendered":"<div class=\"post-content\">\n<h1>Vuokrattavat asunnot<\/h1>\n<p>S\u00e4\u00e4ti\u00f6 omistaa noin\u00a0 500 huoneistoa yhteens\u00e4 reilussa kymmeness\u00e4 kiinteist\u00f6ss\u00e4 Oulun kaupungissa. Vuokra-asunnot ovat osin ara-rajoitusten alaisia ja osin rajoituksista vapaita. \u00a0S\u00e4\u00e4ti\u00f6 vuokraa avaratukirajoitusten alaista asuntokantaa ensisijaisesti sosiaalisin perustein asuntoja tarvitseville kuitenkin huomioiden, ett\u00e4 kussakin kiinteist\u00f6ss\u00e4 s\u00e4ilyy monipuolinen asukasrakenne.<\/p>\n<p>Arava-s\u00e4\u00e4d\u00f6sten alaisissa asunnoissa asuntotoiminnan tuotot k\u00e4ytet\u00e4\u00e4n s\u00e4\u00e4nt\u00f6jen tarkoittamalla tavalla esimerkiksi asuntojen rakennuttamisesta syntyneiden kustannusten maksamiseen ja asuntokannan yll\u00e4pit\u00e4misest\u00e4 aiheutuviin kuluihin.<\/p>\n<p>Vapaita asuntoja voit tiedustella Newsecin asuntovuokrauksesta.<\/p>\n<h2><a href=\"https:\/\/www.riihi.fi\/?page_id=261\">Riihi s\u00e4\u00e4ti\u00f6n kiinteist\u00f6yhti\u00f6t<\/a><\/h2>\n<h3>Yhteystiedot:<\/h3>\n<\/div>\n<div class=\"post-content\">\n<p>Vuokra-asuntoasioissa voit olla yhteydess\u00e4 vuokraus- ja vuokralaisasioissa\u00a0<a href=\"https:\/\/asukas.kodisto.fi\/\">Kodisto-palveluun.<\/a><\/p>\n<\/div>\n<h2 style=\"text-align: left;\">Asuntovuokraus<\/h2>\n<div class=\"post-content\" style=\"text-align: left;\">\n<p>Vuokra-asuntoasioissa voit olla yhteydess\u00e4 vuokraus- ja vuokralaisasioissa <a href=\"https:\/\/asukas.kodisto.fi\/\">Kodisto-palveluun.<\/a><\/p>\n<\/div>\n<p>&nbsp;<\/p>\n<p style=\"text-align: left;\"><strong>Kodisto Asuntovuokraus<\/strong><\/p>\n<div class=\"bodyMediumRegular text-sm\" style=\"text-align: left;\">\n<div><a href=\"https:\/\/kodisto.fi\/haku\/?osoite=Pakkahuoneenkatu%2030,%20Oulu&amp;osoite=Koulukatu%2032,%20Oulu&amp;osoite=Paalikatu%2018,%20Oulu&amp;osoite=Puulinnankatu%204,%20Oulu&amp;osoite=Tervakukkatie%2012,%20Oulu&amp;osoite=Tiedonkaari%208,%20Oulu&amp;osoite=Kalevalantie%2017,%20Oulu&amp;osoite=Sammonkatu%203,%20Oulu&amp;osoite=Tornihaukantie%204,%20Oulu&amp;osoite=Ketotie,%20Oulu&amp;jarjestys=AvailableImmediately\" target=\"_blank\" rel=\"noopener\">https:\/\/kodisto.fi<\/a><\/div>\n<div>p. 010 389 6049<\/div>\n<div><a href=\"mailto:vuokraus@kodisto.fi\">vuokraus@kodisto.fi<\/a><\/div>\n<\/div>\n<p>&nbsp;<\/p>\n<p style=\"text-align: left;\"><strong>Kodisto Vuokranmaksu<br \/>\n<\/strong><\/p>\n<div style=\"text-align: left;\"><a href=\"https:\/\/kodisto.fi\/asukkaalle\">https:\/\/kodisto.fi\/asukkaalle<\/a><\/div>\n<div style=\"text-align: left;\">p. 010 389 6003<\/div>\n<div style=\"text-align: left;\"><a href=\"mailto:vuokranmaksu@kodisto.fi\">vuokranmaksu@kodisto.fi<\/a><\/div>\n<p>&nbsp;<\/p>\n<p style=\"text-align: left;\"><strong>Kodisto asukaspalvelut ja is\u00e4nn\u00f6inti<\/strong><\/p>\n<div style=\"text-align: left;\"><a href=\"https:\/\/kodisto.fi\/asukkaalle\">https:\/\/kodisto.fi\/asukkaalle<\/a><\/div>\n<div style=\"text-align: left;\">p. 010 389 6002<\/div>\n<div style=\"text-align: left;\"><a href=\"mailto:asukaspalvelu@kodisto.fi\">asukaspalvelu@kodisto.fi<\/a><\/div>\n","protected":false},"excerpt":{"rendered":"<p>Vuokrattavat asunnot S\u00e4\u00e4ti\u00f6 omistaa noin\u00a0 500 huoneistoa yhteens\u00e4 reilussa kymmeness\u00e4 kiinteist\u00f6ss\u00e4 Oulun kaupungissa. Vuokra-asunnot ovat osin ara-rajoitusten alaisia ja osin rajoituksista vapaita. \u00a0S\u00e4\u00e4ti\u00f6 vuokraa avaratukirajoitusten alaista asuntokantaa ensisijaisesti sosiaalisin perustein asuntoja tarvitseville kuitenkin huomioiden, ett\u00e4 kussakin kiinteist\u00f6ss\u00e4 s\u00e4ilyy monipuolinen asukasrakenne. Arava-s\u00e4\u00e4d\u00f6sten alaisissa asunnoissa asuntotoiminnan tuotot k\u00e4ytet\u00e4\u00e4n s\u00e4\u00e4nt\u00f6jen tarkoittamalla tavalla esimerkiksi asuntojen rakennuttamisesta syntyneiden kustannusten maksamiseen  [&#8230;]<\/p>\n","protected":false},"author":1,"featured_media":0,"parent":9,"menu_order":2,"comment_status":"closed","ping_status":"closed","template":"","meta":{"footnotes":""},"class_list":["post-29","page","type-page","status-publish","hentry"],"_links":{"self":[{"href":"https:\/\/www.riihi.fi\/index.php?rest_route=\/wp\/v2\/pages\/29","targetHints":{"allow":["GET"]}}],"collection":[{"href":"https:\/\/www.riihi.fi\/index.php?rest_route=\/wp\/v2\/pages"}],"about":[{"href":"https:\/\/www.riihi.fi\/index.php?rest_route=\/wp\/v2\/types\/page"}],"author":[{"embeddable":true,"href":"https:\/\/www.riihi.fi\/index.php?rest_route=\/wp\/v2\/users\/1"}],"replies":[{"embeddable":true,"href":"https:\/\/www.riihi.fi\/index.php?rest_route=%2Fwp%2Fv2%2Fcomments&post=29"}],"version-history":[{"count":16,"href":"https:\/\/www.riihi.fi\/index.php?rest_route=\/wp\/v2\/pages\/29\/revisions"}],"predecessor-version":[{"id":520,"href":"https:\/\/www.riihi.fi\/index.php?rest_route=\/wp\/v2\/pages\/29\/revisions\/520"}],"up":[{"embeddable":true,"href":"https:\/\/www.riihi.fi\/index.php?rest_route=\/wp\/v2\/pages\/9"}],"wp:attachment":[{"href":"https:\/\/www.riihi.fi\/index.php?rest_route=%2Fwp%2Fv2%2Fmedia&parent=29"}],"curies":[{"name":"wp","href":"https:\/\/api.w.org\/{rel}","templated":true}]}}